{"id":167,"date":"2023-02-03T14:18:54","date_gmt":"2023-02-03T20:18:54","guid":{"rendered":"https:\/\/www.grupocrucero.com\/?post_type=product&#038;p=167"},"modified":"2024-07-09T16:37:58","modified_gmt":"2024-07-09T22:37:58","slug":"herrajes","status":"publish","type":"product","link":"https:\/\/www.grupocrucero.com\/index.php\/producto\/herrajes\/","title":{"rendered":"Herrajes"},"content":{"rendered":"<p>La secci\u00f3n de Herrajes en Grupo Crucero ofrece una amplia variedad de productos para complementar tus proyectos de aluminio y vidrio. Desde bisagras hasta perfiles y accesorios, todo est\u00e1 dise\u00f1ado para asegurar la m\u00e1xima seguridad y eficiencia en tus instalaciones. Con nuestro cat\u00e1logo de herrajes de alta calidad, puedes estar seguro de que tus proyectos estar\u00e1n completos y cumplir\u00e1n con tus expectativas. \u00a1Descubre la soluci\u00f3n perfecta para tus proyectos hoy mismo!<\/p>\n","protected":false},"excerpt":{"rendered":"<p>Secci\u00f3n de herrajes ofrece una amplia gama de opciones para complementar y mejorar la instalaci\u00f3n de sus productos. Desde cerraduras hasta bisagras, todo para garantizar una instalaci\u00f3n segura y duradera.<\/p>\n","protected":false},"featured_media":168,"comment_status":"open","ping_status":"closed","template":"","meta":{"_et_pb_use_builder":"","_et_pb_old_content":"","_et_gb_content_width":""},"product_cat":[49],"product_tag":[50],"class_list":["post-167","product","type-product","status-publish","has-post-thumbnail","hentry","product_cat-herrajes","product_tag-herrajes"],"_links":{"self":[{"href":"https:\/\/www.grupocrucero.com\/index.php\/wp-json\/wp\/v2\/product\/167","targetHints":{"allow":["GET"]}}],"collection":[{"href":"https:\/\/www.grupocrucero.com\/index.php\/wp-json\/wp\/v2\/product"}],"about":[{"href":"https:\/\/www.grupocrucero.com\/index.php\/wp-json\/wp\/v2\/types\/product"}],"replies":[{"embeddable":true,"href":"https:\/\/www.grupocrucero.com\/index.php\/wp-json\/wp\/v2\/comments?post=167"}],"wp:featuredmedia":[{"embeddable":true,"href":"https:\/\/www.grupocrucero.com\/index.php\/wp-json\/wp\/v2\/media\/168"}],"wp:attachment":[{"href":"https:\/\/www.grupocrucero.com\/index.php\/wp-json\/wp\/v2\/media?parent=167"}],"wp:term":[{"taxonomy":"product_cat","embeddable":true,"href":"https:\/\/www.grupocrucero.com\/index.php\/wp-json\/wp\/v2\/product_cat?post=167"},{"taxonomy":"product_tag","embeddable":true,"href":"https:\/\/www.grupocrucero.com\/index.php\/wp-json\/wp\/v2\/product_tag?post=167"}],"curies":[{"name":"wp","href":"https:\/\/api.w.org\/{rel}","templated":true}]}}