{"id":163,"date":"2023-02-03T14:09:13","date_gmt":"2023-02-03T20:09:13","guid":{"rendered":"https:\/\/www.grupocrucero.com\/?post_type=product&#038;p=163"},"modified":"2025-05-22T04:01:50","modified_gmt":"2025-05-22T10:01:50","slug":"aluminio-linea-eurovent","status":"publish","type":"product","link":"https:\/\/www.grupocrucero.com\/index.php\/producto\/aluminio-linea-eurovent\/","title":{"rendered":"Aluminio linea eurovent"},"content":{"rendered":"<p style=\"text-align: center;\">La secci\u00f3n de Aluminio linea eurovent ofrece una amplia gama de productos de aluminio de alta calidad, dise\u00f1ados para cumplir con las exigencias de los clientes m\u00e1s exigentes. Con una amplia experiencia en el sector, ofrecemos soluciones innovadoras y eficientes para cualquier proyecto. \u00a1Descubre la elegancia y la durabilidad del aluminio linea eurovent!<br \/>\n<a href=\"https:\/\/www.grupocrucero.com\/wp-content\/uploads\/2023\/02\/CATALOGO-LINEA-EUROVENT-2021-S-50-CUPRUM.pdf\"><br \/>\n<button style=\"background-color: black; color: white; padding: 10px 20px;\">Descargar cat\u00e1logo<\/button><br \/>\n<\/a><\/p>\n<p>&nbsp;<\/p>\n","protected":false},"excerpt":{"rendered":"<p style=\"text-align: center;\">Secci\u00f3n de Aluminio eurovent ofrece perfiles de alta calidad para una amplia variedad de soluciones de construcci\u00f3n y dise\u00f1o. Con tecnolog\u00eda europea y acabados refinados.<br \/>\n<a href=\"https:\/\/www.grupocrucero.com\/wp-content\/uploads\/2023\/02\/CATALOGO-LINEA-EUROVENT-2021-S-50-CUPRUM.pdf\"><br \/>\n<button style=\"background-color: black; color: white; padding: 10px 20px;\">Descargar cat\u00e1logo<\/button><br \/>\n<\/a><\/p>\n<p>&nbsp;<\/p>\n","protected":false},"featured_media":164,"comment_status":"open","ping_status":"closed","template":"","meta":{"_et_pb_use_builder":"","_et_pb_old_content":"","_et_gb_content_width":""},"product_cat":[41],"product_tag":[42],"class_list":["post-163","product","type-product","status-publish","has-post-thumbnail","hentry","product_cat-aluminio-linea-eurovent","product_tag-aluminio-linea-eurovent"],"_links":{"self":[{"href":"https:\/\/www.grupocrucero.com\/index.php\/wp-json\/wp\/v2\/product\/163","targetHints":{"allow":["GET"]}}],"collection":[{"href":"https:\/\/www.grupocrucero.com\/index.php\/wp-json\/wp\/v2\/product"}],"about":[{"href":"https:\/\/www.grupocrucero.com\/index.php\/wp-json\/wp\/v2\/types\/product"}],"replies":[{"embeddable":true,"href":"https:\/\/www.grupocrucero.com\/index.php\/wp-json\/wp\/v2\/comments?post=163"}],"wp:featuredmedia":[{"embeddable":true,"href":"https:\/\/www.grupocrucero.com\/index.php\/wp-json\/wp\/v2\/media\/164"}],"wp:attachment":[{"href":"https:\/\/www.grupocrucero.com\/index.php\/wp-json\/wp\/v2\/media?parent=163"}],"wp:term":[{"taxonomy":"product_cat","embeddable":true,"href":"https:\/\/www.grupocrucero.com\/index.php\/wp-json\/wp\/v2\/product_cat?post=163"},{"taxonomy":"product_tag","embeddable":true,"href":"https:\/\/www.grupocrucero.com\/index.php\/wp-json\/wp\/v2\/product_tag?post=163"}],"curies":[{"name":"wp","href":"https:\/\/api.w.org\/{rel}","templated":true}]}}