{"id":161,"date":"2023-02-03T14:02:35","date_gmt":"2023-02-03T20:02:35","guid":{"rendered":"https:\/\/www.grupocrucero.com\/?post_type=product&#038;p=161"},"modified":"2026-03-08T19:05:40","modified_gmt":"2026-03-09T01:05:40","slug":"aluminio-linea-espanola","status":"publish","type":"product","link":"https:\/\/www.grupocrucero.com\/index.php\/producto\/aluminio-linea-espanola\/","title":{"rendered":"Aluminio linea espa\u00f1ola"},"content":{"rendered":"<p style=\"text-align: center;\">La secci\u00f3n de Aluminio Linea Espa\u00f1ola de Grupo Crucero ofrece perfiles de aluminio de alta calidad, fabricados en Espa\u00f1a con los m\u00e1s estrictos est\u00e1ndares de seguridad. Con un amplio cat\u00e1logo de productos, encuentre el perfil adecuado para su proyecto y disfrute de la mejor calidad en materiales de construcci\u00f3n.<br \/>\n<a href=\"https:\/\/www.grupocrucero.com\/wp-content\/uploads\/2023\/02\/Aluminios-el-Crucero-Linea-Espanola-.pdf\"><br \/>\n<button style=\"background-color: black; color: white; padding: 10px 20px;\">Descargar cat\u00e1logo<\/button><br \/>\n<\/a><\/p>\n<p>&nbsp;<\/p>\n","protected":false},"excerpt":{"rendered":"<p style=\"text-align: center;\">Productos de aluminio de alta calidad de origen espa\u00f1ol, con dise\u00f1os \u00fanicos y resistentes. Opciones variadas para satisfacer necesidades espec\u00edficas.<\/p>\n<p style=\"text-align: center;\"><a href=\"https:\/\/www.grupocrucero.com\/wp-content\/uploads\/2023\/02\/Aluminios-el-Crucero-Linea-Espanola-.pdf\"><br \/>\n<button style=\"background-color: black; color: white; padding: 10px 20px;\">Descargar cat\u00e1logo<\/button><br \/>\n<\/a><\/p>\n<p>&nbsp;<\/p>\n","protected":false},"featured_media":162,"comment_status":"open","ping_status":"closed","template":"","meta":{"_et_pb_use_builder":"off","_et_pb_old_content":"La secci\u00f3n de Aluminio Linea Espa\u00f1ola de Grupo Crucero ofrece perfiles de aluminio de alta calidad, fabricados en Espa\u00f1a con los m\u00e1s estrictos est\u00e1ndares de seguridad. Con un amplio cat\u00e1logo de productos, encuentre el perfil adecuado para su proyecto y disfrute de la mejor calidad en materiales de construcci\u00f3n.","_et_gb_content_width":""},"product_cat":[39],"product_tag":[40],"class_list":["post-161","product","type-product","status-publish","has-post-thumbnail","hentry","product_cat-aluminio-linea-espanola","product_tag-aluminio-linea-espanola"],"_links":{"self":[{"href":"https:\/\/www.grupocrucero.com\/index.php\/wp-json\/wp\/v2\/product\/161","targetHints":{"allow":["GET"]}}],"collection":[{"href":"https:\/\/www.grupocrucero.com\/index.php\/wp-json\/wp\/v2\/product"}],"about":[{"href":"https:\/\/www.grupocrucero.com\/index.php\/wp-json\/wp\/v2\/types\/product"}],"replies":[{"embeddable":true,"href":"https:\/\/www.grupocrucero.com\/index.php\/wp-json\/wp\/v2\/comments?post=161"}],"wp:featuredmedia":[{"embeddable":true,"href":"https:\/\/www.grupocrucero.com\/index.php\/wp-json\/wp\/v2\/media\/162"}],"wp:attachment":[{"href":"https:\/\/www.grupocrucero.com\/index.php\/wp-json\/wp\/v2\/media?parent=161"}],"wp:term":[{"taxonomy":"product_cat","embeddable":true,"href":"https:\/\/www.grupocrucero.com\/index.php\/wp-json\/wp\/v2\/product_cat?post=161"},{"taxonomy":"product_tag","embeddable":true,"href":"https:\/\/www.grupocrucero.com\/index.php\/wp-json\/wp\/v2\/product_tag?post=161"}],"curies":[{"name":"wp","href":"https:\/\/api.w.org\/{rel}","templated":true}]}}