{"id":159,"date":"2023-02-03T13:55:37","date_gmt":"2023-02-03T19:55:37","guid":{"rendered":"https:\/\/www.grupocrucero.com\/?post_type=product&#038;p=159"},"modified":"2026-03-06T10:56:53","modified_gmt":"2026-03-06T16:56:53","slug":"aluminio-linea-nacional","status":"publish","type":"product","link":"https:\/\/www.grupocrucero.com\/index.php\/producto\/aluminio-linea-nacional\/","title":{"rendered":"Aluminio linea nacional"},"content":{"rendered":"<p style=\"text-align: center;\">La secci\u00f3n de Aluminio Linea Nacional ofrece una amplia variedad de productos de aluminio de alta calidad, dise\u00f1ados para satisfacer las necesidades de cualquier proyecto. Desde perfiles hasta z\u00f3calos y ventanas, ofrecemos una amplia gama de opciones para ayudar a crear un espacio funcional y atractivo. Con productos duraderos y resistentes, estamos seguros de que encontrar\u00e1 lo que est\u00e1 buscando en nuestra secci\u00f3n de Aluminio Linea Nacional.<br \/>\n<a href=\"https:\/\/www.grupocrucero.com\/wp-content\/uploads\/2023\/02\/AC-Linea-Nacional-2022.pdf\"><br \/>\n<button style=\"background-color: black; color: white; padding: 10px 20px;\">Descargar cat\u00e1logo<\/button><br \/>\n<\/a><\/p>\n<p>&nbsp;<\/p>\n","protected":false},"excerpt":{"rendered":"<p>La secci\u00f3n de Aluminio Linea Nacional ofrece perfiles de aluminio de alta calidad y diversas aplicaciones, con servicio de env\u00edo a nivel nacional. Soluciones personalizadas para tus proyectos.<br \/>\n<a href=\"https:\/\/www.grupocrucero.com\/wp-content\/uploads\/2023\/02\/AC-Linea-Nacional-2022.pdf\"><br \/>\n<button style=\"background-color: black; color: white; padding: 10px 20px;\">Descargar cat\u00e1logo<\/button><br \/>\n<\/a><\/p>\n<p>&nbsp;<\/p>\n","protected":false},"featured_media":160,"comment_status":"open","ping_status":"closed","template":"","meta":{"_et_pb_use_builder":"","_et_pb_old_content":"","_et_gb_content_width":""},"product_cat":[37],"product_tag":[38],"class_list":["post-159","product","type-product","status-publish","has-post-thumbnail","hentry","product_cat-aluminio-linea-nacional","product_tag-aluminio-linea-nacional"],"_links":{"self":[{"href":"https:\/\/www.grupocrucero.com\/index.php\/wp-json\/wp\/v2\/product\/159","targetHints":{"allow":["GET"]}}],"collection":[{"href":"https:\/\/www.grupocrucero.com\/index.php\/wp-json\/wp\/v2\/product"}],"about":[{"href":"https:\/\/www.grupocrucero.com\/index.php\/wp-json\/wp\/v2\/types\/product"}],"replies":[{"embeddable":true,"href":"https:\/\/www.grupocrucero.com\/index.php\/wp-json\/wp\/v2\/comments?post=159"}],"wp:featuredmedia":[{"embeddable":true,"href":"https:\/\/www.grupocrucero.com\/index.php\/wp-json\/wp\/v2\/media\/160"}],"wp:attachment":[{"href":"https:\/\/www.grupocrucero.com\/index.php\/wp-json\/wp\/v2\/media?parent=159"}],"wp:term":[{"taxonomy":"product_cat","embeddable":true,"href":"https:\/\/www.grupocrucero.com\/index.php\/wp-json\/wp\/v2\/product_cat?post=159"},{"taxonomy":"product_tag","embeddable":true,"href":"https:\/\/www.grupocrucero.com\/index.php\/wp-json\/wp\/v2\/product_tag?post=159"}],"curies":[{"name":"wp","href":"https:\/\/api.w.org\/{rel}","templated":true}]}}