{"id":96,"date":"2023-02-02T18:09:02","date_gmt":"2023-02-03T00:09:02","guid":{"rendered":"https:\/\/www.grupocrucero.com\/?page_id=96"},"modified":"2023-09-04T12:04:29","modified_gmt":"2023-09-04T18:04:29","slug":"catalogo-de-grupo-crucero","status":"publish","type":"page","link":"https:\/\/www.grupocrucero.com\/index.php\/catalogo-de-grupo-crucero\/","title":{"rendered":"Cat\u00e1logo de grupo crucero"},"content":{"rendered":"<p>[et_pb_section fb_built=\u00bb1&#8243; next_background_color=\u00bb#ffffff\u00bb admin_label=\u00bbHero\u00bb _builder_version=\u00bb4.19.4&#8243; use_background_color_gradient=\u00bbon\u00bb background_color_gradient_direction=\u00bb70deg\u00bb background_color_gradient_stops=\u00bb#283d4b 0%|rgba(128,103,79,0.5) 100%\u00bb background_color_gradient_overlays_image=\u00bbon\u00bb background_color_gradient_start=\u00bb#283d4b\u00bb background_color_gradient_end=\u00bbrgba(128,103,79,0.5)\u00bb background_image=\u00bbhttps:\/\/www.grupocrucero.com\/wp-content\/uploads\/2023\/02\/ventanas-perfil-Xonacatlan-fondo-ventanas-canceleria-vidrio-aluminio-grupo-crucero.jpeg\u00bb custom_margin=\u00bb|||\u00bb custom_padding=\u00bb6vw|||\u00bb bottom_divider_style=\u00bbmountains2&#8243; bottom_divider_height=\u00bb20vw\u00bb bottom_divider_repeat=\u00bb0.5x\u00bb bottom_divider_flip=\u00bbhorizontal|vertical\u00bb global_colors_info=\u00bb{}\u00bb][et_pb_row _builder_version=\u00bb4.16&#8243; custom_margin=\u00bb|||\u00bb custom_padding=\u00bb27px|0px|0|0px|false|false\u00bb global_colors_info=\u00bb{}\u00bb][et_pb_column type=\u00bb4_4&#8243; _builder_version=\u00bb4.16&#8243; custom_padding=\u00bb|||\u00bb global_colors_info=\u00bb{}\u00bb custom_padding__hover=\u00bb|||\u00bb][et_pb_text _builder_version=\u00bb4.19.4&#8243; text_font=\u00bb||||||||\u00bb header_font=\u00bbJosefin Sans|700|||||||\u00bb header_font_size=\u00bb90px\u00bb header_line_height=\u00bb1.4em\u00bb header_2_font=\u00bbJosefin Sans||||||||\u00bb header_2_text_color=\u00bbrgba(255,255,255,0.6)\u00bb header_2_font_size=\u00bb32px\u00bb header_2_line_height=\u00bb1.4em\u00bb background_layout=\u00bbdark\u00bb animation_style=\u00bbslide\u00bb animation_direction=\u00bbright\u00bb animation_intensity_slide=\u00bb4%\u00bb header_font_size_tablet=\u00bb50px\u00bb header_font_size_phone=\u00bb32px\u00bb header_font_size_last_edited=\u00bbon|desktop\u00bb header_2_font_size_tablet=\u00bb\u00bb header_2_font_size_phone=\u00bb24px\u00bb header_2_font_size_last_edited=\u00bbon|phone\u00bb global_colors_info=\u00bb{}\u00bb]<\/p>\n<h1>Cat\u00e1logo Grupo Crucero<\/h1>\n<h2><span style=\"color: #f4c015;\">Descubre las posibilidades con nuestros productos y servicios<\/span><\/h2>\n<p>[\/et_pb_text][\/et_pb_column][\/et_pb_row][et_pb_row use_custom_gutter=\u00bbon\u00bb gutter_width=\u00bb1&#8243; disabled_on=\u00bbon|off|off\u00bb module_class=\u00bb et_pb_row_fullwidth\u00bb _builder_version=\u00bb4.16&#8243; width=\u00bb100%\u00bb width_tablet=\u00bb100%\u00bb width_phone=\u00bb100%\u00bb width_last_edited=\u00bbon|desktop\u00bb max_width=\u00bb100%\u00bb max_width_tablet=\u00bb100%\u00bb max_width_phone=\u00bb100%\u00bb max_width_last_edited=\u00bbon|desktop\u00bb make_fullwidth=\u00bbon\u00bb locked=\u00bboff\u00bb global_colors_info=\u00bb{}\u00bb][et_pb_column type=\u00bb4_4&#8243; _builder_version=\u00bb4.16&#8243; custom_padding=\u00bb|||\u00bb global_colors_info=\u00bb{}\u00bb custom_padding__hover=\u00bb|||\u00bb][et_pb_text _builder_version=\u00bb4.19.4&#8243; text_font=\u00bbJosefin Sans|700||on|||||\u00bb text_text_color=\u00bbrgba(255,255,255,0.2)\u00bb text_font_size=\u00bb15vw\u00bb text_line_height=\u00bb1em\u00bb quote_font=\u00bb||||||||\u00bb header_font=\u00bb||||||||\u00bb custom_margin=\u00bb||-0.4em|\u00bb custom_padding=\u00bb|||\u00bb filter_blur=\u00bb7px\u00bb animation_style=\u00bbslide\u00bb animation_direction=\u00bbright\u00bb animation_duration=\u00bb10000ms\u00bb animation_intensity_slide=\u00bb10%\u00bb animation_starting_opacity=\u00bb40%\u00bb animation_speed_curve=\u00bblinear\u00bb text_font_size_tablet=\u00bb124px\u00bb text_font_size_phone=\u00bb90px\u00bb text_font_size_last_edited=\u00bboff|desktop\u00bb global_colors_info=\u00bb{}\u00bb]<\/p>\n<p>cat\u00e1logo<\/p>\n<p>[\/et_pb_text][\/et_pb_column][\/et_pb_row][\/et_pb_section][et_pb_section fb_built=\u00bb1&#8243; admin_label=\u00bbAbout Us\u00bb _builder_version=\u00bb4.16&#8243; global_colors_info=\u00bb{}\u00bb][et_pb_row _builder_version=\u00bb4.19.4&#8243; _module_preset=\u00bbdefault\u00bb global_colors_info=\u00bb{}\u00bb][et_pb_column type=\u00bb4_4&#8243; _builder_version=\u00bb4.19.4&#8243; _module_preset=\u00bbdefault\u00bb global_colors_info=\u00bb{}\u00bb][et_pb_shop posts_number=\u00bb30&#8243; show_pagination=\u00bbon\u00bb orderby=\u00bbdate\u00bb show_price=\u00bboff\u00bb show_rating=\u00bboff\u00bb show_sale_badge=\u00bboff\u00bb admin_label=\u00bbproductos-catalogo-grupo-crucero-mexico-xonacatlan\u00bb _builder_version=\u00bb4.19.4&#8243; _module_preset=\u00bbdefault\u00bb title_font=\u00bb|600|||||||\u00bb title_font_size=\u00bb17px\u00bb background_color=\u00bbRGBA(255,255,255,0)\u00bb text_orientation=\u00bbcenter\u00bb border_radii_image=\u00bbon|25px|25px|25px|25px\u00bb border_color_all_image=\u00bbRGBA(255,255,255,0)\u00bb box_shadow_style_image=\u00bbpreset3&#8243; global_colors_info=\u00bb{}\u00bb][\/et_pb_shop][\/et_pb_column][\/et_pb_row][\/et_pb_section][et_pb_section fb_built=\u00bb1&#8243; prev_background_color=\u00bb#ffffff\u00bb next_background_color=\u00bb#ffffff\u00bb admin_label=\u00bbCall To Action\u00bb _builder_version=\u00bb4.19.4&#8243; use_background_color_gradient=\u00bbon\u00bb background_color_gradient_direction=\u00bb70deg\u00bb background_color_gradient_stops=\u00bb#283d4b 0%|rgba(128,103,79,0.5) 100%\u00bb background_color_gradient_overlays_image=\u00bbon\u00bb background_color_gradient_start=\u00bb#283d4b\u00bb background_color_gradient_end=\u00bbrgba(128,103,79,0.5)\u00bb background_image=\u00bbhttps:\/\/www.grupocrucero.com\/wp-content\/uploads\/2023\/02\/imagen-fondo-ventanas-canceleria-vidrio-aluminio-grupo-crucero.jpeg\u00bb parallax=\u00bbon\u00bb custom_margin=\u00bb|||\u00bb custom_padding=\u00bb13vw||7vw||false|false\u00bb top_divider_style=\u00bbmountains2&#8243; top_divider_height=\u00bb18vw\u00bb top_divider_repeat=\u00bb0.5x\u00bb bottom_divider_style=\u00bbmountains2&#8243; bottom_divider_height=\u00bb14%\u00bb bottom_divider_repeat=\u00bb0.5x\u00bb bottom_divider_flip=\u00bbhorizontal\u00bb locked=\u00bboff\u00bb global_colors_info=\u00bb{}\u00bb][et_pb_row _builder_version=\u00bb4.16&#8243; custom_margin=\u00bb|||\u00bb custom_padding=\u00bb27px|0px|0|0px|false|false\u00bb global_colors_info=\u00bb{}\u00bb][et_pb_column type=\u00bb4_4&#8243; _builder_version=\u00bb4.16&#8243; custom_padding=\u00bb|||\u00bb global_colors_info=\u00bb{}\u00bb custom_padding__hover=\u00bb|||\u00bb][et_pb_text _builder_version=\u00bb4.19.4&#8243; text_font=\u00bb||||||||\u00bb header_font=\u00bb||||||||\u00bb header_2_font=\u00bbJosefin Sans|700|||||||\u00bb header_2_font_size=\u00bb80px\u00bb header_2_line_height=\u00bb1.4em\u00bb header_3_font=\u00bbJosefin Sans||||||||\u00bb header_3_text_color=\u00bbrgba(255,255,255,0.6)\u00bb header_3_font_size=\u00bb32px\u00bb header_3_line_height=\u00bb1.4em\u00bb background_layout=\u00bbdark\u00bb animation_style=\u00bbslide\u00bb animation_direction=\u00bbright\u00bb animation_intensity_slide=\u00bb4%\u00bb header_font_size_tablet=\u00bb70px\u00bb header_font_size_phone=\u00bb50px\u00bb header_font_size_last_edited=\u00bboff|desktop\u00bb header_2_font_size_tablet=\u00bb50px\u00bb header_2_font_size_phone=\u00bb32px\u00bb header_2_font_size_last_edited=\u00bbon|phone\u00bb header_3_font_size_tablet=\u00bb\u00bb header_3_font_size_phone=\u00bb24px\u00bb header_3_font_size_last_edited=\u00bbon|phone\u00bb locked=\u00bboff\u00bb global_colors_info=\u00bb{}\u00bb]<\/p>\n<h2>Transforma tu espacio con Grupo Crucero<\/h2>\n<h3>Cont\u00e1ctanos para m\u00e1s informaci\u00f3n.<\/h3>\n<p>[\/et_pb_text][\/et_pb_column][\/et_pb_row][et_pb_row use_custom_gutter=\u00bbon\u00bb gutter_width=\u00bb1&#8243; disabled_on=\u00bbon|off|off\u00bb module_class=\u00bb et_pb_row_fullwidth\u00bb _builder_version=\u00bb4.16&#8243; width=\u00bb100%\u00bb width_tablet=\u00bb100%\u00bb width_phone=\u00bb100%\u00bb width_last_edited=\u00bbon|desktop\u00bb max_width=\u00bb100%\u00bb max_width_tablet=\u00bb100%\u00bb max_width_phone=\u00bb100%\u00bb max_width_last_edited=\u00bbon|desktop\u00bb make_fullwidth=\u00bbon\u00bb global_colors_info=\u00bb{}\u00bb][et_pb_column type=\u00bb4_4&#8243; _builder_version=\u00bb4.16&#8243; custom_padding=\u00bb|||\u00bb global_colors_info=\u00bb{}\u00bb custom_padding__hover=\u00bb|||\u00bb][et_pb_text _builder_version=\u00bb4.19.4&#8243; text_font=\u00bbJosefin Sans|700||on|||||\u00bb text_text_color=\u00bbrgba(255,255,255,0.2)\u00bb text_font_size=\u00bb10vw\u00bb text_line_height=\u00bb1em\u00bb quote_font=\u00bb||||||||\u00bb header_font=\u00bb||||||||\u00bb custom_margin=\u00bb||-0.4em|\u00bb custom_padding=\u00bb|||\u00bb filter_blur=\u00bb7px\u00bb animation_style=\u00bbslide\u00bb animation_direction=\u00bbright\u00bb animation_duration=\u00bb10000ms\u00bb animation_intensity_slide=\u00bb10%\u00bb animation_starting_opacity=\u00bb40%\u00bb animation_speed_curve=\u00bblinear\u00bb text_font_size_tablet=\u00bb124px\u00bb text_font_size_phone=\u00bb90px\u00bb text_font_size_last_edited=\u00bboff|desktop\u00bb global_colors_info=\u00bb{}\u00bb]<\/p>\n<p>Cont\u00e1ctanos<\/p>\n<p>[\/et_pb_text][\/et_pb_column][\/et_pb_row][\/et_pb_section][et_pb_section fb_built=\u00bb1&#8243; admin_label=\u00bbFooter\u00bb _builder_version=\u00bb4.16&#8243; global_colors_info=\u00bb{}\u00bb][et_pb_row column_structure=\u00bb1_2,1_2&#8243; _builder_version=\u00bb4.16&#8243; custom_padding=\u00bb|||\u00bb global_colors_info=\u00bb{}\u00bb][et_pb_column type=\u00bb1_2&#8243; _builder_version=\u00bb4.16&#8243; custom_padding=\u00bb|||\u00bb global_colors_info=\u00bb{}\u00bb custom_padding__hover=\u00bb|||\u00bb][et_pb_code _builder_version=\u00bb4.19.4&#8243; _module_preset=\u00bbdefault\u00bb hover_enabled=\u00bb0&#8243; global_colors_info=\u00bb{}\u00bb sticky_enabled=\u00bb0&#8243;]<iframe src=\"https:\/\/www.google.com\/maps\/embed?pb=!1m17!1m12!1m3!1d940.7979799534547!2d-99.52124707142413!3d19.404111998862113!2m3!1f0!2f0!3f0!3m2!1i1024!2i768!4f13.1!3m2!1m1!2zMTnCsDI0JzE0LjgiTiA5OcKwMzEnMTQuMiJX!5e0!3m2!1ses-419!2smx!4v1693850327274!5m2!1ses-419!2smx\" width=\"600\" height=\"450\" style=\"border:0;\" allowfullscreen=\"\" loading=\"lazy\" referrerpolicy=\"no-referrer-when-downgrade\"><\/iframe>[\/et_pb_code][\/et_pb_column][et_pb_column type=\u00bb1_2&#8243; _builder_version=\u00bb4.16&#8243; custom_padding=\u00bb|||\u00bb global_colors_info=\u00bb{}\u00bb custom_padding__hover=\u00bb|||\u00bb][et_pb_blurb title=\u00bbTel\u00e9fono\u00bb url=\u00bbtel:719%20286%201550&#8243; use_icon=\u00bbon\u00bb font_icon=\u00bb&#xe090;||divi||400&#8243; image_icon_width=\u00bb32px\u00bb _builder_version=\u00bb4.19.4&#8243; header_font=\u00bbJosefin Sans|700||on|||||\u00bb header_text_align=\u00bbcenter\u00bb body_font=\u00bbOpen Sans||||||||\u00bb body_text_align=\u00bbcenter\u00bb body_font_size=\u00bb18px\u00bb animation_style=\u00bbfold\u00bb animation_direction=\u00bbleft\u00bb animation_delay=\u00bb200ms\u00bb animation_intensity_fold=\u00bb20%\u00bb icon_font_size=\u00bb32px\u00bb global_colors_info=\u00bb{}\u00bb]<\/p>\n<p>719 286 1550<\/p>\n<p>[\/et_pb_blurb][et_pb_blurb title=\u00bbDirecci\u00f3n\u00bb url=\u00bbhttps:\/\/goo.gl\/maps\/EuHxasCUv4xFLACU8&#8243; use_icon=\u00bbon\u00bb font_icon=\u00bb&#xe074;||divi||400&#8243; image_icon_width=\u00bb32px\u00bb _builder_version=\u00bb4.19.4&#8243; header_font=\u00bbJosefin Sans|700||on|||||\u00bb header_text_align=\u00bbcenter\u00bb body_font=\u00bbOpen Sans||||||||\u00bb body_text_align=\u00bbcenter\u00bb body_font_size=\u00bb18px\u00bb border_color_all_image=\u00bbRGBA(255,255,255,0)\u00bb icon_font_size=\u00bb32px\u00bb global_colors_info=\u00bb{}\u00bb]Independencia 53, Xonacatlan de Vicencio, 52060 Xonacatl\u00e1n, M\u00e9x.[\/et_pb_blurb][et_pb_blurb title=\u00bbCorreo\u00bb url=\u00bbmailto:contacto@grupocrucero.com\u00bb use_icon=\u00bbon\u00bb font_icon=\u00bb&#xe076;||divi||400&#8243; image_icon_width=\u00bb32px\u00bb _builder_version=\u00bb4.19.4&#8243; header_font=\u00bbJosefin Sans|700||on|||||\u00bb header_text_align=\u00bbcenter\u00bb body_font=\u00bbOpen Sans||||||||\u00bb body_text_align=\u00bbcenter\u00bb body_font_size=\u00bb18px\u00bb animation_style=\u00bbfold\u00bb animation_direction=\u00bbleft\u00bb animation_delay=\u00bb200ms\u00bb animation_intensity_fold=\u00bb20%\u00bb icon_font_size=\u00bb32px\u00bb global_colors_info=\u00bb{}\u00bb]<\/p>\n<p>contacto@grupocrucero.com<\/p>\n<p>[\/et_pb_blurb][\/et_pb_column][\/et_pb_row][\/et_pb_section]<\/p>\n","protected":false},"excerpt":{"rendered":"<p>Cat\u00e1logo Grupo Crucero Descubre las posibilidades con nuestros productos y servicioscat\u00e1logoTransforma tu espacio con Grupo Crucero Cont\u00e1ctanos para m\u00e1s informaci\u00f3n.Cont\u00e1ctanos719 286 1550Independencia 53, Xonacatlan de Vicencio, 52060 Xonacatl\u00e1n, M\u00e9x.contacto@grupocrucero.com<\/p>\n","protected":false},"author":1,"featured_media":0,"parent":0,"menu_order":0,"comment_status":"closed","ping_status":"closed","template":"","meta":{"_et_pb_use_builder":"on","_et_pb_old_content":"","_et_gb_content_width":"","footnotes":""},"class_list":["post-96","page","type-page","status-publish","hentry"],"_links":{"self":[{"href":"https:\/\/www.grupocrucero.com\/index.php\/wp-json\/wp\/v2\/pages\/96","targetHints":{"allow":["GET"]}}],"collection":[{"href":"https:\/\/www.grupocrucero.com\/index.php\/wp-json\/wp\/v2\/pages"}],"about":[{"href":"https:\/\/www.grupocrucero.com\/index.php\/wp-json\/wp\/v2\/types\/page"}],"author":[{"embeddable":true,"href":"https:\/\/www.grupocrucero.com\/index.php\/wp-json\/wp\/v2\/users\/1"}],"replies":[{"embeddable":true,"href":"https:\/\/www.grupocrucero.com\/index.php\/wp-json\/wp\/v2\/comments?post=96"}],"version-history":[{"count":10,"href":"https:\/\/www.grupocrucero.com\/index.php\/wp-json\/wp\/v2\/pages\/96\/revisions"}],"predecessor-version":[{"id":238,"href":"https:\/\/www.grupocrucero.com\/index.php\/wp-json\/wp\/v2\/pages\/96\/revisions\/238"}],"wp:attachment":[{"href":"https:\/\/www.grupocrucero.com\/index.php\/wp-json\/wp\/v2\/media?parent=96"}],"curies":[{"name":"wp","href":"https:\/\/api.w.org\/{rel}","templated":true}]}}